{"id":4987,"date":"2021-06-20T05:45:45","date_gmt":"2021-06-20T03:45:45","guid":{"rendered":"https:\/\/www.hlb-fkp.de\/?page_id=4987"},"modified":"2025-01-26T16:54:26","modified_gmt":"2025-01-26T15:54:26","slug":"home","status":"publish","type":"page","link":"https:\/\/www.hlb-fkp.de\/en\/","title":{"rendered":"Home"},"content":{"rendered":"\n<div class=\"wp-block-cover alignfull is-light has-custom-content-position is-position-bottom-center\" style=\"min-height:750px;aspect-ratio:unset;\"><span aria-hidden=\"true\" class=\"wp-block-cover__background has-background-dim-30 has-background-dim\" style=\"background-color:#032834\"><\/span><img loading=\"lazy\" decoding=\"async\" width=\"2560\" height=\"1874\" class=\"wp-block-cover__image-background wp-image-1710\" alt=\"\" src=\"https:\/\/www.hlb-fkp.de\/wp-content\/uploads\/2021\/09\/rawpixel-256641-unsplash-scaled.jpg\" style=\"object-position:46% 28%\" data-object-fit=\"cover\" data-object-position=\"46% 28%\" srcset=\"https:\/\/www.hlb-fkp.de\/wp-content\/uploads\/2021\/09\/rawpixel-256641-unsplash-scaled.jpg 2560w, https:\/\/www.hlb-fkp.de\/wp-content\/uploads\/2021\/09\/rawpixel-256641-unsplash-300x220.jpg 300w, https:\/\/www.hlb-fkp.de\/wp-content\/uploads\/2021\/09\/rawpixel-256641-unsplash-1024x750.jpg 1024w, https:\/\/www.hlb-fkp.de\/wp-content\/uploads\/2021\/09\/rawpixel-256641-unsplash-768x562.jpg 768w, https:\/\/www.hlb-fkp.de\/wp-content\/uploads\/2021\/09\/rawpixel-256641-unsplash-1536x1125.jpg 1536w\" sizes=\"auto, (max-width: 2560px) 100vw, 2560px\" \/><div class=\"wp-block-cover__inner-container is-layout-flow wp-block-cover-is-layout-flow\">\n<div class=\"wp-block-columns are-vertically-aligned-bottom is-layout-flex wp-container-core-columns-is-layout-28f84493 wp-block-columns-is-layout-flex\">\n<div class=\"wp-block-column is-vertically-aligned-bottom is-layout-flow wp-block-column-is-layout-flow\"><\/div>\n\n\n\n<div class=\"wp-block-column is-vertically-aligned-bottom is-layout-flow wp-block-column-is-layout-flow\">\n<h1 class=\"wp-block-heading h1-front-hero has-text-color has-small-font-size\" id=\"hlb-forderer-keil-partnersteuerberater-rechtsanwalte-wirtschaftsprufer-partnerschaft-mbb\" style=\"color:#ffffff\">HLB F\u00f6rderer, Keil &amp; Partner<br>Steuerberater, Rechtsanw\u00e4lte, Wirtschaftspr\u00fcfer Partnerschaft mbB<\/h1>\n\n\n\n<h2 class=\"wp-block-heading h2-front-hero has-text-color\" id=\"die-bestmoglichen-losungen-fur-sie-aus-einer-hand\" style=\"color:#ffffff\">Solutions from a single source.<\/h2>\n\n\n\n<div class=\"wp-block-buttons buttons-keywords is-layout-flex wp-block-buttons-is-layout-flex\">\n<div class=\"wp-block-button\"><a class=\"wp-block-button__link wp-element-button\" href=\"\/en\/real-estate\/\">Real Estate<\/a><\/div>\n\n\n\n<div class=\"wp-block-button\"><a class=\"wp-block-button__link wp-element-button\" href=\"\/en\/giving-inheritance\/\">Giving &amp; Inheritance<\/a><\/div>\n\n\n\n<div class=\"wp-block-button\"><a class=\"wp-block-button__link wp-element-button\" href=\"\/en\/taxes-penalty\/\">Taxes &amp; Penalty<\/a><\/div>\n\n\n\n<div class=\"wp-block-button\"><a class=\"wp-block-button__link wp-element-button\" href=\"\/en\/restructuring\/\">Restructuring<\/a><\/div>\n\n\n\n<div class=\"wp-block-button\"><a class=\"wp-block-button__link wp-element-button\" href=\"\/en\/ma\/\">M&amp;A<\/a><\/div>\n<\/div>\n\n\n\n<div style=\"height:50px\" aria-hidden=\"true\" class=\"wp-block-spacer\"><\/div>\n<\/div>\n<\/div>\n<\/div><\/div>\n\n\n\n<div class=\"inherit-container-width wp-block-group alignfull group-front-intro is-layout-constrained wp-block-group-is-layout-constrained\"><div class=\"wp-block-group__inner-container\">\n<h2 class=\"wp-block-heading has-text-align-center h-max-width\" id=\"partnerschaftliche-beratung-aus-einer-hand-seit-uber-60-jahren\">Partnership-based advice from a single source &#8211; for over 60 years!<\/h2>\n\n\n\n<p class=\"p-max-width\">Since 1961, our aim has been to be the best possible partner for our clients and we are only satisfied when we have achieved the best for you.<\/p>\n\n\n\n<p class=\"p-max-width\">Thanks to this partnership principle, you not only have access to the expertise of our 80 or so employees at our Saarbr\u00fccken, Saarlouis, St. Ingbert and Homburg locations, but also a direct contact person who will personally take care of your individual concerns.<\/p>\n\n\n\n<p class=\"p-max-width\">In order to further exploit this potential, in addition to our close cooperation with our group companies <a href=\"https:\/\/www.hlb-fkp.de\/en\/public-audit-revision-gmbh\/\">Public Audit Revision GmbH Wirtschaftspr\u00fcfungsgesellschaft<\/a>, HLB F\u00f6rderer, Keil &amp; Partner GmbH Wirtschaftspr\u00fcfungsgesellschaft and WHS GmbH &amp; Co. KG Steuerberatungsgesellschaft, Wirtschaftspr\u00fcfungsgesellschaft, we have been a member of <a href=\"https:\/\/www.hlb-deutschland.de\/?lang=en\" target=\"_blank\" rel=\"noopener\">HLB in Germany<\/a> since 2006 and thus offer our clients access to the national and international HLB network: Our case-by-case cooperation with more than 1,800 partners in 968 offices in over 159 countries guarantees you connections to all the world&#8217;s major business centers.<\/p>\n\n\n\n<p class=\"p-max-width\">This is how we achieve a fast, uncomplicated solution for you &#8211; from a single source!<\/p>\n\n\n\n<div style=\"height:100px\" aria-hidden=\"true\" class=\"wp-block-spacer\"><\/div>\n<\/div><\/div>\n\n\n\n<div class=\"inherit-container-width wp-block-group alignfull group-front-success is-layout-constrained wp-block-group-is-layout-constrained\"><div class=\"wp-block-group__inner-container\">\n<div class=\"wp-block-media-text alignwide has-media-on-the-right is-stacked-on-mobile\" style=\"grid-template-columns:auto 45%\"><div class=\"wp-block-media-text__content\">\n<p class=\"has-small-font-size\">About us<\/p>\n\n\n\n<h2 class=\"wp-block-heading\" id=\"ihr-erfolg-ist-unser-fundament\">Your success is our foundation<\/h2>\n\n\n\n<p>All for one &#8211; since 1961, the basis of HLB F\u00f6rderer, Keil &amp; Partner has been a partnership concept that always puts the client at the center. Our goal is to ensure your business success &#8211; today and tomorrow.<\/p>\n\n\n\n<p>For you, this means tailor-made solutions from an interdisciplinary network and a personal contact person who continuously takes care of your needs and puts your goals first.<\/p>\n\n\n\n<div class=\"wp-block-buttons buttons-locations is-layout-flex wp-block-buttons-is-layout-flex\">\n<div class=\"wp-block-button is-style-fill\"><a class=\"wp-block-button__link has-ast-global-color-3-color has-text-color wp-element-button\" href=\"https:\/\/www.hlb-fkp.de\/en\/locations\/#homburg\">Homburg<\/a><\/div>\n\n\n\n<div class=\"wp-block-button is-style-fill\"><a class=\"wp-block-button__link has-ast-global-color-3-color has-text-color wp-element-button\" href=\"https:\/\/www.hlb-fkp.de\/en\/locations\/#saarbruecken\">Saarbr\u00fccken<\/a><\/div>\n\n\n\n<div class=\"wp-block-button\"><a class=\"wp-block-button__link wp-element-button\" href=\"https:\/\/www.hlb-fkp.de\/en\/locations\/#saarlouis\">Saarlouis<\/a><\/div>\n\n\n\n<div class=\"wp-block-button\"><a class=\"wp-block-button__link has-ast-global-color-3-color has-text-color wp-element-button\" href=\"https:\/\/www.hlb-fkp.de\/en\/locations\/#st-ingbert\">St. Ingbert<\/a><\/div>\n<\/div>\n<\/div><figure class=\"wp-block-media-text__media\"><img loading=\"lazy\" decoding=\"async\" width=\"1024\" height=\"683\" src=\"https:\/\/www.hlb-fkp.de\/wp-content\/uploads\/2022\/09\/DSC_7949-5-1024x683.jpg\" alt=\"\" class=\"wp-image-3156 size-full\" srcset=\"https:\/\/www.hlb-fkp.de\/wp-content\/uploads\/2022\/09\/DSC_7949-5-1024x683.jpg 1024w, https:\/\/www.hlb-fkp.de\/wp-content\/uploads\/2022\/09\/DSC_7949-5-300x200.jpg 300w, https:\/\/www.hlb-fkp.de\/wp-content\/uploads\/2022\/09\/DSC_7949-5-768x513.jpg 768w, https:\/\/www.hlb-fkp.de\/wp-content\/uploads\/2022\/09\/DSC_7949-5.jpg 1500w\" sizes=\"auto, (max-width: 1024px) 100vw, 1024px\" \/><\/figure><\/div>\n<\/div><\/div>\n\n\n\n<figure class=\"wp-block-image size-full\"><img loading=\"lazy\" decoding=\"async\" width=\"1920\" height=\"824\" src=\"https:\/\/www.hlb-fkp.de\/wp-content\/uploads\/2023\/06\/wm-hlb-fkp_adbs_174244151.jpg\" alt=\"\" class=\"wp-image-2577\" srcset=\"https:\/\/www.hlb-fkp.de\/wp-content\/uploads\/2023\/06\/wm-hlb-fkp_adbs_174244151.jpg 1920w, https:\/\/www.hlb-fkp.de\/wp-content\/uploads\/2023\/06\/wm-hlb-fkp_adbs_174244151-300x129.jpg 300w, https:\/\/www.hlb-fkp.de\/wp-content\/uploads\/2023\/06\/wm-hlb-fkp_adbs_174244151-1024x439.jpg 1024w, https:\/\/www.hlb-fkp.de\/wp-content\/uploads\/2023\/06\/wm-hlb-fkp_adbs_174244151-768x330.jpg 768w, https:\/\/www.hlb-fkp.de\/wp-content\/uploads\/2023\/06\/wm-hlb-fkp_adbs_174244151-1536x659.jpg 1536w\" sizes=\"auto, (max-width: 1920px) 100vw, 1920px\" \/><\/figure>\n\n\n\n<div class=\"inherit-container-width wp-block-group is-layout-constrained wp-block-group-is-layout-constrained\"><div class=\"wp-block-group__inner-container\">\n<h2 class=\"wp-block-heading\">Put your trust in us<\/h2>\n\n\n\n<p>All together in one firm: tax consultants, lawyers and auditors. Together, they enable us to provide our clients with optimal support.<\/p>\n\n\n\n<p>The requirements and degrees of complexity are often as diverse as our clients themselves. Careful analysis, comprehensive advice and case-by-case cooperation with the specialists in the network form the basis for tailor-made solutions from a single source.<\/p>\n\n\n\n<p>Each individual is a recognized expert with years of experience and extensive know-how. A good team.<\/p>\n<\/div><\/div>\n\n\n\n<div class=\"inherit-container-width wp-block-group alignfull group-front-services is-layout-constrained wp-block-group-is-layout-constrained\"><div class=\"wp-block-group__inner-container\">\n<div class=\"wp-block-columns alignwide are-vertically-aligned-center is-layout-flex wp-container-core-columns-is-layout-28f84493 wp-block-columns-is-layout-flex\">\n<div class=\"wp-block-column is-vertically-aligned-center is-layout-flow wp-block-column-is-layout-flow\" style=\"flex-basis:100%\">\n<h2 class=\"wp-block-heading\" id=\"unser-leistungsangebot\">Our range of services<\/h2>\n\n\n\n<p>We guarantee you successful consulting from a single source through long-term cooperation with the responsible partners and managing directors as well as responsible employees who are personally committed to you with their comprehensive knowledge and skills. Our work is based on many years of industry and company-specific knowledge, combined with interdisciplinary expertise.<\/p>\n<\/div>\n<\/div>\n\n\n\n<div style=\"height:30px\" aria-hidden=\"true\" class=\"wp-block-spacer uag-hide-tab uag-hide-mob uag-hide-tab uag-hide-mob\"><\/div>\n\n\n\n<div class=\"wp-block-columns align-self-auto is-layout-flex wp-container-core-columns-is-layout-28f84493 wp-block-columns-is-layout-flex\">\n<div class=\"wp-block-column is-vertically-aligned-top is-layout-flow wp-block-column-is-layout-flow\">\n<div class=\"inherit-container-width wp-block-group group-service-shadow has-text-color has-background is-layout-constrained wp-block-group-is-layout-constrained\" style=\"color:#ffffff;background-color:#005a77\"><div class=\"wp-block-group__inner-container\">\n<h4 class=\"wp-block-heading has-text-color\" id=\"steuern\" style=\"color:#ffffff\">Tax advice<\/h4>\n\n\n\n<p class=\"has-ast-global-color-5-color has-text-color\">Tax laws are complex and subject to regular changes. Thanks to ongoing training, we are always up to date with the latest legal requirements and advise you with our proven &#8220;eye for the big picture&#8221;.<\/p>\n\n\n\n<p class=\"has-ast-global-color-5-color has-text-color has-link-color wp-elements-7f414e8fd796ee22620904bad746a9c4\"><strong><a href=\"https:\/\/www.hlb-fkp.de\/en\/services\/#steuer\">learn more<\/a><\/strong><\/p>\n<\/div><\/div>\n<\/div>\n\n\n\n<div class=\"wp-block-column is-vertically-aligned-top is-layout-flow wp-block-column-is-layout-flow\">\n<div class=\"inherit-container-width wp-block-group group-service-shadow has-ast-global-color-1-background-color has-background is-layout-constrained wp-block-group-is-layout-constrained\"><div class=\"wp-block-group__inner-container\">\n<h4 class=\"wp-block-heading has-ast-global-color-5-color has-text-color\" id=\"prufung\">Auditing<\/h4>\n\n\n\n<p class=\"has-ast-global-color-5-color has-text-color\">Always focusing on your business objectives, we carry out all the audits prescribed for your company in a trustworthy and efficient manner.<\/p>\n\n\n\n<p class=\"has-ast-global-color-5-color has-text-color has-link-color wp-elements-1e5d1bba3e8ee8f6d90be6a9b86571e7\"><strong><a href=\"https:\/\/www.hlb-fkp.de\/en\/services\/#pruefung\">learn more<\/a><\/strong><\/p>\n<\/div><\/div>\n<\/div>\n\n\n\n<div class=\"wp-block-column is-vertically-aligned-top is-layout-flow wp-block-column-is-layout-flow\">\n<div class=\"inherit-container-width wp-block-group group-service-shadow has-ast-global-color-5-color has-text-color has-background is-layout-constrained wp-block-group-is-layout-constrained\" style=\"background-color:#005a66\"><div class=\"wp-block-group__inner-container\">\n<h4 class=\"wp-block-heading has-ast-global-color-5-color has-text-color\" id=\"recht\">Business law advice<\/h4>\n\n\n\n<p class=\"has-ast-global-color-5-color has-text-color\">In close cooperation with our tax advisors and auditors, we ensure that your rights are structured in a target-oriented manner and enforced competently.<\/p>\n\n\n\n<p class=\"has-ast-global-color-5-color has-text-color has-link-color wp-elements-429d4010772975644fc63b7b708d6c64\"><strong><a href=\"https:\/\/www.hlb-fkp.de\/en\/services\/#recht\">learn more<\/a><\/strong><\/p>\n<\/div><\/div>\n<\/div>\n<\/div>\n\n\n\n<p><\/p>\n\n\n\n<div class=\"wp-block-columns align-self-auto is-layout-flex wp-container-core-columns-is-layout-28f84493 wp-block-columns-is-layout-flex\">\n<div class=\"wp-block-column is-vertically-aligned-top is-layout-flow wp-block-column-is-layout-flow\">\n<div class=\"inherit-container-width wp-block-group group-service-shadow has-ast-global-color-2-background-color has-text-color has-background is-layout-constrained wp-block-group-is-layout-constrained\" style=\"color:#ffffff\"><div class=\"wp-block-group__inner-container\">\n<h4 class=\"wp-block-heading has-text-color\" id=\"steuern\" style=\"color:#ffffff\">Business management consulting<\/h4>\n\n\n\n<p class=\"has-ast-global-color-5-color has-text-color\">We support you with expertise and experience in all important decisions, always in consultation with the specialists in our company.<\/p>\n\n\n\n<p class=\"has-ast-global-color-5-color has-text-color has-link-color wp-elements-fcc2127e941ad6e58abe631ab28e98bb\"><strong><a href=\"https:\/\/www.hlb-fkp.de\/en\/services\/#beratung\">learn more<\/a><\/strong><\/p>\n<\/div><\/div>\n<\/div>\n\n\n\n<div class=\"wp-block-column is-vertically-aligned-top is-layout-flow wp-block-column-is-layout-flow\">\n<div class=\"inherit-container-width wp-block-group group-service-shadow has-ast-global-color-4-background-color has-background is-layout-constrained wp-block-group-is-layout-constrained\"><div class=\"wp-block-group__inner-container\">\n<h4 class=\"wp-block-heading has-ast-global-color-5-color has-text-color\" id=\"prufung\">GoBD Compliance<\/h4>\n\n\n\n<p class=\"has-ast-global-color-5-color has-text-color\">We support you with expertise and experience in all important decisions, always in consultation with the specialists in our company.<\/p>\n\n\n\n<p class=\"has-white-color has-text-color has-link-color wp-elements-13e3e0de46154bb2ef532f99f22c6ea3\"><strong><strong><a href=\"https:\/\/www.hlb-fkp.de\/en\/services\/#compliance\">learn more<\/a><\/strong><\/strong><\/p>\n<\/div><\/div>\n<\/div>\n\n\n\n<div class=\"wp-block-column is-vertically-aligned-top is-layout-flow wp-block-column-is-layout-flow\"><\/div>\n<\/div>\n\n\n\n<div style=\"height:30px\" aria-hidden=\"true\" class=\"wp-block-spacer\"><\/div>\n<\/div><\/div>\n\n\n\n<div class=\"inherit-container-width wp-block-group alignfull group-front-career is-layout-constrained wp-block-group-is-layout-constrained\"><div class=\"wp-block-group__inner-container\">\n<div class=\"wp-block-media-text alignfull is-stacked-on-mobile is-vertically-aligned-top\" style=\"grid-template-columns:45% auto\"><figure class=\"wp-block-media-text__media\"><img loading=\"lazy\" decoding=\"async\" width=\"1000\" height=\"625\" src=\"https:\/\/www.hlb-fkp.de\/wp-content\/uploads\/2023\/06\/wm-hlb-fkp_adbs_495868044.jpg\" alt=\"\" class=\"wp-image-2804 size-full\" srcset=\"https:\/\/www.hlb-fkp.de\/wp-content\/uploads\/2023\/06\/wm-hlb-fkp_adbs_495868044.jpg 1000w, https:\/\/www.hlb-fkp.de\/wp-content\/uploads\/2023\/06\/wm-hlb-fkp_adbs_495868044-300x188.jpg 300w, https:\/\/www.hlb-fkp.de\/wp-content\/uploads\/2023\/06\/wm-hlb-fkp_adbs_495868044-768x480.jpg 768w\" sizes=\"auto, (max-width: 1000px) 100vw, 1000px\" \/><\/figure><div class=\"wp-block-media-text__content\">\n<p class=\"has-small-font-size\">Career<\/p>\n\n\n\n<h2 class=\"wp-block-heading\" id=\"bei-uns-sind-sie-richtig\">You&#8217;ve come to the right place!<\/h2>\n\n\n\n<p>Good employees are worth their weight in gold! And a decisive factor in the success of any company. Our success is also based on the knowledge and commitment of our employees, who stand firmly behind the company and guarantee our clients the best service.<\/p>\n\n\n\n<p>Would you like to be a part of it and contribute your passion and creativity to a high-performance company, take on responsibility and enrich a highly qualified team with your in-depth expertise?<\/p>\n\n\n\n<p>We offer you a wide range of career prospects and promote your personal and professional development.<\/p>\n\n\n\n<p>With us, you have the opportunity to put your heart and soul into your work.<\/p>\n\n\n\n<div class=\"wp-block-buttons is-layout-flex wp-block-buttons-is-layout-flex\">\n<div class=\"wp-block-button\"><a class=\"wp-block-button__link has-ast-global-color-3-color has-text-color wp-element-button\" href=\"https:\/\/www.hlb-fkp.de\/en\/career\/\">FKP as an employer<\/a><\/div>\n\n\n\n<div class=\"wp-block-button is-style-fill\"><a class=\"wp-block-button__link has-ast-global-color-3-color has-text-color wp-element-button\" href=\"https:\/\/www.hlb-fkp.de\/en\/current-vacancies\/\">Current vacancies<\/a><\/div>\n<\/div>\n<\/div><\/div>\n<\/div><\/div>\n\n\n\n<div class=\"wp-block-group alignfull group-cta has-ast-global-color-6-background-color has-background is-layout-flow wp-block-group-is-layout-flow\"><div class=\"wp-block-group__inner-container\">\n<div class=\"wp-block-columns alignwide are-vertically-aligned-top is-layout-flex wp-container-core-columns-is-layout-28f84493 wp-block-columns-is-layout-flex\">\n<div class=\"wp-block-column is-vertically-aligned-top is-layout-flow wp-block-column-is-layout-flow\">\n<h2 class=\"wp-block-heading\" id=\"noch-kein-mandant\">Not a client yet?<\/h2>\n\n\n\n<p>Get to know us in an initial consultation. First, we will analyze your individual concerns and show you what we can do for you. Then you decide whether we are the right partner for you.  <\/p>\n<\/div>\n\n\n\n<div class=\"wp-block-column is-vertically-aligned-top is-layout-flow wp-block-column-is-layout-flow\">\n<h2 class=\"wp-block-heading\" id=\"noch-kein-mandant\"><a href=\"tel:0049681586090\"><g id=\"gid_0\">Tel.<\/g> <a href=\"tel:0049681586090\">+49 681 \u2013 586 090<\/a><\/a><\/h2>\n\n\n\n<div class=\"wp-block-group group-cta-form has-text-color is-layout-flow wp-block-group-is-layout-flow\" style=\"color:#4a4a4a\"><div class=\"wp-block-group__inner-container\">\n<p class=\"has-small-font-size\">Our privacy policy explains what information we collect, for what reason and how we use this information. <a href=\"https:\/\/www.hlb-fkp.de\/en\/?page_id=4619\"><\/a><a href=\"https:\/\/www.hlb-fkp.de\/en\/?page_id=4619\">Learn more<\/a><\/p>\n<\/div><\/div>\n<\/div>\n<\/div>\n<\/div><\/div>\n","protected":false},"excerpt":{"rendered":"<p>Partnership-based advice from a single source &#8211; for over 60 years! Since 1961, our aim has been to be the best possible partner for our [&hellip;]<\/p>\n","protected":false},"author":3,"featured_media":0,"parent":0,"menu_order":0,"comment_status":"closed","ping_status":"closed","template":"","meta":{"_uag_custom_page_level_css":"","advgb_blocks_editor_width":"","advgb_blocks_columns_visual_guide":"","site-sidebar-layout":"no-sidebar","site-content-layout":"plain-container","ast-site-content-layout":"normal-width-container","site-content-style":"unboxed","site-sidebar-style":"unboxed","ast-global-header-display":"","ast-banner-title-visibility":"","ast-main-header-display":"","ast-hfb-above-header-display":"","ast-hfb-below-header-display":"","ast-hfb-mobile-header-display":"","site-post-title":"disabled","ast-breadcrumbs-content":"","ast-featured-img":"disabled","footer-sml-layout":"","ast-disable-related-posts":"","theme-transparent-header-meta":"enabled","adv-header-id-meta":"","stick-header-meta":"","header-above-stick-meta":"","header-main-stick-meta":"","header-below-stick-meta":"","astra-migrate-meta-layouts":"set","ast-page-background-enabled":"default","ast-page-background-meta":{"desktop":{"background-color":"","background-image":"","background-repeat":"repeat","background-position":"center center","background-size":"auto","background-attachment":"scroll","background-type":"","background-media":"","overlay-type":"","overlay-color":"","overlay-opacity":"","overlay-gradient":""},"tablet":{"background-color":"","background-image":"","background-repeat":"repeat","background-position":"center center","background-size":"auto","background-attachment":"scroll","background-type":"","background-media":"","overlay-type":"","overlay-color":"","overlay-opacity":"","overlay-gradient":""},"mobile":{"background-color":"","background-image":"","background-repeat":"repeat","background-position":"center center","background-size":"auto","background-attachment":"scroll","background-type":"","background-media":"","overlay-type":"","overlay-color":"","overlay-opacity":"","overlay-gradient":""}},"ast-content-background-meta":{"desktop":{"background-color":"var(--ast-global-color-5)","background-image":"","background-repeat":"repeat","background-position":"center center","background-size":"auto","background-attachment":"scroll","background-type":"","background-media":"","overlay-type":"","overlay-color":"","overlay-opacity":"","overlay-gradient":""},"tablet":{"background-color":"var(--ast-global-color-5)","background-image":"","background-repeat":"repeat","background-position":"center center","background-size":"auto","background-attachment":"scroll","background-type":"","background-media":"","overlay-type":"","overlay-color":"","overlay-opacity":"","overlay-gradient":""},"mobile":{"background-color":"var(--ast-global-color-5)","background-image":"","background-repeat":"repeat","background-position":"center center","background-size":"auto","background-attachment":"scroll","background-type":"","background-media":"","overlay-type":"","overlay-color":"","overlay-opacity":"","overlay-gradient":""}},"footnotes":""},"class_list":["post-4987","page","type-page","status-publish","hentry"],"uagb_featured_image_src":{"full":false,"thumbnail":false,"medium":false,"medium_large":false,"large":false,"1536x1536":false,"2048x2048":false,"job-image":false},"uagb_author_info":{"display_name":"Eva Pies","author_link":"https:\/\/www.hlb-fkp.de\/en\/author\/ep\/"},"uagb_comment_info":0,"uagb_excerpt":"Partnership-based advice from a single source &#8211; for over 60 years! Since 1961, our aim has been to be the best possible partner for our [&hellip;]","coauthors":[],"author_meta":{"author_link":"https:\/\/www.hlb-fkp.de\/en\/author\/ep\/","display_name":"Eva Pies"},"relative_dates":{"created":"Posted 5 years ago","modified":"Updated 1 year ago"},"absolute_dates":{"created":"Posted on 20. June 2021","modified":"Updated on 26. January 2025"},"absolute_dates_time":{"created":"Posted on 20. June 2021 5:45","modified":"Updated on 26. January 2025 16:54"},"featured_img_caption":"","featured_img":false,"series_order":"","_links":{"self":[{"href":"https:\/\/www.hlb-fkp.de\/en\/wp-json\/wp\/v2\/pages\/4987","targetHints":{"allow":["GET"]}}],"collection":[{"href":"https:\/\/www.hlb-fkp.de\/en\/wp-json\/wp\/v2\/pages"}],"about":[{"href":"https:\/\/www.hlb-fkp.de\/en\/wp-json\/wp\/v2\/types\/page"}],"author":[{"embeddable":true,"href":"https:\/\/www.hlb-fkp.de\/en\/wp-json\/wp\/v2\/users\/3"}],"replies":[{"embeddable":true,"href":"https:\/\/www.hlb-fkp.de\/en\/wp-json\/wp\/v2\/comments?post=4987"}],"version-history":[{"count":2,"href":"https:\/\/www.hlb-fkp.de\/en\/wp-json\/wp\/v2\/pages\/4987\/revisions"}],"predecessor-version":[{"id":5001,"href":"https:\/\/www.hlb-fkp.de\/en\/wp-json\/wp\/v2\/pages\/4987\/revisions\/5001"}],"wp:attachment":[{"href":"https:\/\/www.hlb-fkp.de\/en\/wp-json\/wp\/v2\/media?parent=4987"}],"curies":[{"name":"wp","href":"https:\/\/api.w.org\/{rel}","templated":true}]}}