{"id":4581,"date":"2023-04-12T13:12:48","date_gmt":"2023-04-12T11:12:48","guid":{"rendered":"https:\/\/www.hlb-fkp.de\/fkp-group\/"},"modified":"2025-01-26T15:32:20","modified_gmt":"2025-01-26T14:32:20","slug":"fkp-group","status":"publish","type":"page","link":"https:\/\/www.hlb-fkp.de\/en\/fkp-group\/","title":{"rendered":"FKP Group"},"content":{"rendered":"\n<div class=\"wp-block-cover alignfull is-light has-custom-content-position is-position-bottom-center\"><span aria-hidden=\"true\" class=\"wp-block-cover__background has-ast-global-color-0-background-color has-background-dim-10 has-background-dim\"><\/span><img loading=\"lazy\" decoding=\"async\" width=\"1920\" height=\"1143\" class=\"wp-block-cover__image-background wp-image-2610\" alt=\"\" src=\"https:\/\/www.hlb-fkp.de\/wp-content\/uploads\/2023\/06\/wm-hlb-fkp_adbs_102381462.jpg\" style=\"object-position:48% 79%\" data-object-fit=\"cover\" data-object-position=\"48% 79%\" srcset=\"https:\/\/www.hlb-fkp.de\/wp-content\/uploads\/2023\/06\/wm-hlb-fkp_adbs_102381462.jpg 1920w, https:\/\/www.hlb-fkp.de\/wp-content\/uploads\/2023\/06\/wm-hlb-fkp_adbs_102381462-300x179.jpg 300w, https:\/\/www.hlb-fkp.de\/wp-content\/uploads\/2023\/06\/wm-hlb-fkp_adbs_102381462-1024x610.jpg 1024w, https:\/\/www.hlb-fkp.de\/wp-content\/uploads\/2023\/06\/wm-hlb-fkp_adbs_102381462-768x457.jpg 768w, https:\/\/www.hlb-fkp.de\/wp-content\/uploads\/2023\/06\/wm-hlb-fkp_adbs_102381462-1536x914.jpg 1536w\" sizes=\"auto, (max-width: 1920px) 100vw, 1920px\" \/><div class=\"wp-block-cover__inner-container is-layout-flow wp-block-cover-is-layout-flow\">\n<h2 class=\"wp-block-heading has-text-align-center has-ast-global-color-5-color has-text-color has-x-large-font-size\">We accompany you, no matter where the road takes you<\/h2>\n<\/div><\/div>\n\n\n\n<div class=\"inherit-container-width wp-block-group alignfull group-unternehmen-intro is-layout-constrained wp-block-group-is-layout-constrained\"><div class=\"wp-block-group__inner-container\">\n<h6 class=\"wp-block-heading has-text-align-left h-max-width has-huge-font-size\">FKP Group<\/h6>\n\n\n\n<h2 class=\"wp-block-heading has-text-align-left h-max-width has-huge-font-size\">Achieving more with specialists<\/h2>\n\n\n\n<p class=\"h-max-width\">To ensure that you always know your concerns are in the best hands, we leave the field to other specialists if necessary.\nHLB F\u00f6rderer, Keil &amp; Partner works together with various cooperation partners for special requirements.\nThis also promotes a constant exchange of knowledge and experience.\nWe always remain your personal contact and implement all work results together with you.   <\/p>\n\n\n\n<p class=\"h-max-width\">With their wealth of experience and high level of acceptance, our cooperation partners make a decisive contribution to ensuring that all clients receive the best possible, individual advice.\nTogether, we ensure that comprehensive complete solutions are developed and implemented that are precisely tailored to the respective requirements. <\/p>\n<\/div><\/div>\n\n\n\n<div class=\"inherit-container-width wp-block-group alignfull a-white mt-minus-200 is-layout-constrained wp-block-group-is-layout-constrained\"><div class=\"wp-block-group__inner-container\">\n<div class=\"wp-block-columns is-layout-flex wp-container-core-columns-is-layout-28f84493 wp-block-columns-is-layout-flex\">\n<div class=\"wp-block-column has-ast-global-color-0-background-color has-background is-layout-flow wp-block-column-is-layout-flow\" style=\"flex-basis:33.33%\">\n<h4 class=\"wp-block-heading has-text-align-left h-max-width has-white-color has-text-color has-huge-font-size advgb-dyn-5be65c14\">Public Audit Revision GmbH Auditing company  <\/h4>\n\n\n\n<p class=\"has-white-color has-text-color advgb-dyn-5fcd0b14\"><strong>Specialists in supporting companies, businesses and public sector institutions<\/strong><\/p>\n\n\n\n<p class=\"has-white-color has-text-color has-link-color wp-elements-bd8f8daccdf674075847b168fab9ea16 advgb-dyn-27b04056\">Hindenburgstra\u00dfe 69, 66119 Saarbr\u00fccken<\/p>\n\n\n\n<p class=\"has-ast-global-color-5-color has-text-color\"><a href=\"https:\/\/www.hlb-fkp.de\/public-audit-revision-gmbh\/\" data-type=\"URL\" data-id=\"https:\/\/www.hlb-fkp.de\/public-audit-revision-gmbh\/\"><\/a><a href=\"https:\/\/www.hlb-fkp.de\/en\/public-audit-revision-gmbh\/\">learn more<\/a><\/p>\n<\/div>\n\n\n\n<div class=\"wp-block-column has-ast-global-color-2-background-color has-background is-layout-flow wp-block-column-is-layout-flow\" style=\"flex-basis:33.33%\">\n<h4 class=\"wp-block-heading has-text-align-left h-max-width has-white-color has-text-color has-huge-font-size advgb-dyn-4249c668\">F\u00f6rderer, Keil &amp; Partner GmbH Wirtschaftspr\u00fcfungsgesellschaft<\/h4>\n\n\n\n<p class=\"has-white-color has-text-color advgb-dyn-1f68895d\"><strong><strong>Specialists in auditing and consulting services<\/strong><\/strong><\/p>\n\n\n\n<p class=\"has-ast-global-color-5-color has-text-color\">Bl\u00fccherstra\u00dfe 25, 66119 Saarbr\u00fccken<\/p>\n\n\n\n<p class=\"has-ast-global-color-5-color has-text-color\"><a href=\"https:\/\/www.hlb-fkp.de\/leistungen\/#pruefung\" data-type=\"URL\" data-id=\"https:\/\/www.hlb-fkp.de\/leistungen\/#pruefung\"><\/a><a href=\"https:\/\/www.hlb-fkp.de\/en\/services\/#pruefung\">learn more<\/a><\/p>\n<\/div>\n<\/div>\n<\/div><\/div>\n\n\n\n<div style=\"height:100px\" aria-hidden=\"true\" class=\"wp-block-spacer\"><\/div>\n\n\n\n<div class=\"inherit-container-width wp-block-group alignfull group-unternehmen-cta has-ast-global-color-6-background-color has-background is-layout-constrained wp-block-group-is-layout-constrained\"><div class=\"wp-block-group__inner-container\">\n<h2 class=\"wp-block-heading has-text-align-center h-max-width\">Rely on the best all-round care<\/h2>\n\n\n\n<p class=\"p-max-width\">Do you have questions about a topic and are now looking for a contact form?\nWe have deliberately decided against this, because we like personal contact.\nWe therefore look forward to your call.  <\/p>\n\n\n\n<div style=\"height:20px\" aria-hidden=\"true\" class=\"wp-block-spacer\"><\/div>\n\n\n\n<div class=\"wp-block-columns are-vertically-aligned-top is-layout-flex wp-container-core-columns-is-layout-28f84493 wp-block-columns-is-layout-flex\">\n<div class=\"wp-block-column is-vertically-aligned-top is-layout-flow wp-block-column-is-layout-flow\">\n<figure class=\"wp-block-image size-full\"><img loading=\"lazy\" decoding=\"async\" width=\"1000\" height=\"1000\" src=\"https:\/\/www.hlb-fkp.de\/wp-content\/uploads\/2023\/06\/wm-hlb-fkp_adbs_253108438_cropped.jpg\" alt=\"\" class=\"wp-image-1995\" srcset=\"https:\/\/www.hlb-fkp.de\/wp-content\/uploads\/2023\/06\/wm-hlb-fkp_adbs_253108438_cropped.jpg 1000w, https:\/\/www.hlb-fkp.de\/wp-content\/uploads\/2023\/06\/wm-hlb-fkp_adbs_253108438_cropped-300x300.jpg 300w, https:\/\/www.hlb-fkp.de\/wp-content\/uploads\/2023\/06\/wm-hlb-fkp_adbs_253108438_cropped-150x150.jpg 150w, https:\/\/www.hlb-fkp.de\/wp-content\/uploads\/2023\/06\/wm-hlb-fkp_adbs_253108438_cropped-768x768.jpg 768w\" sizes=\"auto, (max-width: 1000px) 100vw, 1000px\" \/><\/figure>\n\n\n\n<div class=\"wp-block-buttons alignfull is-horizontal is-content-justification-center is-layout-flex wp-container-core-buttons-is-layout-03627597 wp-block-buttons-is-layout-flex\">\n<div class=\"wp-block-button has-custom-width wp-block-button__width-100\"><a class=\"wp-block-button__link has-ast-global-color-3-color has-ast-global-color-2-background-color has-text-color has-background wp-element-button\" href=\"https:\/\/www.hlb-fkp.de\/en\/services\/#steuer\" style=\"padding-top:15px;padding-right:15px;padding-bottom:15px;padding-left:15px\">Tax advice<\/a><\/div>\n<\/div>\n<\/div>\n\n\n\n<div class=\"wp-block-column is-vertically-aligned-top is-layout-flow wp-block-column-is-layout-flow\">\n<figure class=\"wp-block-image size-full\"><img loading=\"lazy\" decoding=\"async\" width=\"1000\" height=\"1000\" src=\"https:\/\/www.hlb-fkp.de\/wp-content\/uploads\/2023\/06\/wm-hlb-fkp_adbs_207500611_cropped.jpg\" alt=\"\" class=\"wp-image-2002\" srcset=\"https:\/\/www.hlb-fkp.de\/wp-content\/uploads\/2023\/06\/wm-hlb-fkp_adbs_207500611_cropped.jpg 1000w, https:\/\/www.hlb-fkp.de\/wp-content\/uploads\/2023\/06\/wm-hlb-fkp_adbs_207500611_cropped-300x300.jpg 300w, https:\/\/www.hlb-fkp.de\/wp-content\/uploads\/2023\/06\/wm-hlb-fkp_adbs_207500611_cropped-150x150.jpg 150w, https:\/\/www.hlb-fkp.de\/wp-content\/uploads\/2023\/06\/wm-hlb-fkp_adbs_207500611_cropped-768x768.jpg 768w\" sizes=\"auto, (max-width: 1000px) 100vw, 1000px\" \/><\/figure>\n\n\n\n<div class=\"wp-block-buttons alignfull is-horizontal is-content-justification-center is-layout-flex wp-container-core-buttons-is-layout-03627597 wp-block-buttons-is-layout-flex\">\n<div class=\"wp-block-button has-custom-width wp-block-button__width-100\"><a class=\"wp-block-button__link has-ast-global-color-3-color has-ast-global-color-2-background-color has-text-color has-background wp-element-button\" href=\"https:\/\/www.hlb-fkp.de\/en\/services\/#pruefung\" style=\"padding-top:15px;padding-right:15px;padding-bottom:15px;padding-left:15px\">Auditing<\/a><\/div>\n<\/div>\n<\/div>\n\n\n\n<div class=\"wp-block-column is-vertically-aligned-top is-layout-flow wp-block-column-is-layout-flow\">\n<figure class=\"wp-block-image size-full\"><img loading=\"lazy\" decoding=\"async\" width=\"1000\" height=\"1000\" src=\"https:\/\/www.hlb-fkp.de\/wp-content\/uploads\/2023\/06\/wm-hlb-fkp_adbs_305724406_cropped.jpg\" alt=\"\" class=\"wp-image-1994\" srcset=\"https:\/\/www.hlb-fkp.de\/wp-content\/uploads\/2023\/06\/wm-hlb-fkp_adbs_305724406_cropped.jpg 1000w, https:\/\/www.hlb-fkp.de\/wp-content\/uploads\/2023\/06\/wm-hlb-fkp_adbs_305724406_cropped-300x300.jpg 300w, https:\/\/www.hlb-fkp.de\/wp-content\/uploads\/2023\/06\/wm-hlb-fkp_adbs_305724406_cropped-150x150.jpg 150w, https:\/\/www.hlb-fkp.de\/wp-content\/uploads\/2023\/06\/wm-hlb-fkp_adbs_305724406_cropped-768x768.jpg 768w\" sizes=\"auto, (max-width: 1000px) 100vw, 1000px\" \/><\/figure>\n\n\n\n<div class=\"wp-block-buttons alignfull is-horizontal is-content-justification-center is-layout-flex wp-container-core-buttons-is-layout-03627597 wp-block-buttons-is-layout-flex\">\n<div class=\"wp-block-button has-custom-width wp-block-button__width-100\"><a class=\"wp-block-button__link has-ast-global-color-3-color has-ast-global-color-2-background-color has-text-color has-background wp-element-button\" href=\"https:\/\/www.hlb-fkp.de\/en\/services\/#recht\" style=\"padding-top:15px;padding-right:15px;padding-bottom:15px;padding-left:15px\">Business law advice<\/a><\/div>\n<\/div>\n<\/div>\n\n\n\n<div class=\"wp-block-column is-vertically-aligned-top is-layout-flow wp-block-column-is-layout-flow\">\n<figure class=\"wp-block-image size-full\"><img loading=\"lazy\" decoding=\"async\" width=\"1000\" height=\"1000\" src=\"https:\/\/www.hlb-fkp.de\/wp-content\/uploads\/2023\/06\/wm-hlb-fkp_adbs_57325018.jpg\" alt=\"\" class=\"wp-image-1993\" srcset=\"https:\/\/www.hlb-fkp.de\/wp-content\/uploads\/2023\/06\/wm-hlb-fkp_adbs_57325018.jpg 1000w, https:\/\/www.hlb-fkp.de\/wp-content\/uploads\/2023\/06\/wm-hlb-fkp_adbs_57325018-300x300.jpg 300w, https:\/\/www.hlb-fkp.de\/wp-content\/uploads\/2023\/06\/wm-hlb-fkp_adbs_57325018-150x150.jpg 150w, https:\/\/www.hlb-fkp.de\/wp-content\/uploads\/2023\/06\/wm-hlb-fkp_adbs_57325018-768x768.jpg 768w\" sizes=\"auto, (max-width: 1000px) 100vw, 1000px\" \/><\/figure>\n\n\n\n<div class=\"wp-block-buttons alignfull is-horizontal is-content-justification-center is-layout-flex wp-container-core-buttons-is-layout-03627597 wp-block-buttons-is-layout-flex\">\n<div class=\"wp-block-button has-custom-width wp-block-button__width-100\"><a class=\"wp-block-button__link has-ast-global-color-3-color has-ast-global-color-2-background-color has-text-color has-background wp-element-button\" style=\"padding-top:15px;padding-right:15px;padding-bottom:15px;padding-left:15px\">Business management consulting<\/a><\/div>\n<\/div>\n<\/div>\n\n\n\n<div class=\"wp-block-column is-vertically-aligned-top is-layout-flow wp-block-column-is-layout-flow\">\n<figure class=\"wp-block-image size-full\"><img loading=\"lazy\" decoding=\"async\" width=\"1000\" height=\"1000\" src=\"https:\/\/www.hlb-fkp.de\/wp-content\/uploads\/2023\/06\/wm-hlb-fkp_adbs_163145694_cropped.jpg\" alt=\"\" class=\"wp-image-2131\" srcset=\"https:\/\/www.hlb-fkp.de\/wp-content\/uploads\/2023\/06\/wm-hlb-fkp_adbs_163145694_cropped.jpg 1000w, https:\/\/www.hlb-fkp.de\/wp-content\/uploads\/2023\/06\/wm-hlb-fkp_adbs_163145694_cropped-300x300.jpg 300w, https:\/\/www.hlb-fkp.de\/wp-content\/uploads\/2023\/06\/wm-hlb-fkp_adbs_163145694_cropped-150x150.jpg 150w, https:\/\/www.hlb-fkp.de\/wp-content\/uploads\/2023\/06\/wm-hlb-fkp_adbs_163145694_cropped-768x768.jpg 768w\" sizes=\"auto, (max-width: 1000px) 100vw, 1000px\" \/><\/figure>\n\n\n\n<div class=\"wp-block-buttons alignfull is-horizontal is-content-justification-center is-layout-flex wp-container-core-buttons-is-layout-03627597 wp-block-buttons-is-layout-flex\">\n<div class=\"wp-block-button has-custom-width wp-block-button__width-100\"><a class=\"wp-block-button__link has-ast-global-color-3-color has-ast-global-color-2-background-color has-text-color has-background wp-element-button\" href=\"https:\/\/www.hlb-fkp.de\/en\/services\/#compliance\" style=\"padding-top:15px;padding-right:15px;padding-bottom:15px;padding-left:15px\">GoBD Compliance<\/a><\/div>\n<\/div>\n<\/div>\n<\/div>\n<\/div><\/div>\n\n\n\n<div class=\"wp-block-group alignfull group-cta has-ast-global-color-6-background-color has-background is-layout-flow wp-block-group-is-layout-flow\"><div class=\"wp-block-group__inner-container\">\n<div class=\"wp-block-columns alignwide are-vertically-aligned-top is-layout-flex wp-container-core-columns-is-layout-28f84493 wp-block-columns-is-layout-flex\">\n<div class=\"wp-block-column is-vertically-aligned-top is-layout-flow wp-block-column-is-layout-flow\">\n<h2 class=\"wp-block-heading\" id=\"noch-kein-mandant\">Not a client yet?<\/h2>\n\n\n\n<p>Get to know us in an initial consultation. First, we will analyze your individual concerns and show you what we can do for you. Then you decide whether we are the right partner for you.  <\/p>\n<\/div>\n\n\n\n<div class=\"wp-block-column is-vertically-aligned-top is-layout-flow wp-block-column-is-layout-flow\">\n<h2 class=\"wp-block-heading\" id=\"noch-kein-mandant\"><a href=\"tel:0049681586090\"><g id=\"gid_0\">Tel.<\/g> <a href=\"tel:0049681586090\">+49 681 \u2013 586 090<\/a><\/a><\/h2>\n\n\n\n<div class=\"wp-block-group group-cta-form has-text-color is-layout-flow wp-block-group-is-layout-flow\" style=\"color:#4a4a4a\"><div class=\"wp-block-group__inner-container\">\n<p class=\"has-small-font-size\">Our privacy policy explains what information we collect, for what reason and how we use this information. <a href=\"https:\/\/www.hlb-fkp.de\/en\/?page_id=4619\"><\/a><a href=\"https:\/\/www.hlb-fkp.de\/en\/?page_id=4619\">Learn more<\/a><\/p>\n<\/div><\/div>\n<\/div>\n<\/div>\n<\/div><\/div>\n","protected":false},"excerpt":{"rendered":"<p>FKP Group Achieving more with specialists To ensure that you always know your concerns are in the best hands, we leave the field to other [&hellip;]<\/p>\n","protected":false},"author":4,"featured_media":0,"parent":0,"menu_order":130,"comment_status":"closed","ping_status":"closed","template":"","meta":{"_uag_custom_page_level_css":"","advgb_blocks_editor_width":"","advgb_blocks_columns_visual_guide":"","site-sidebar-layout":"no-sidebar","site-content-layout":"plain-container","ast-site-content-layout":"normal-width-container","site-content-style":"unboxed","site-sidebar-style":"unboxed","ast-global-header-display":"","ast-banner-title-visibility":"","ast-main-header-display":"","ast-hfb-above-header-display":"","ast-hfb-below-header-display":"","ast-hfb-mobile-header-display":"","site-post-title":"disabled","ast-breadcrumbs-content":"","ast-featured-img":"disabled","footer-sml-layout":"","ast-disable-related-posts":"","theme-transparent-header-meta":"enabled","adv-header-id-meta":"","stick-header-meta":"","header-above-stick-meta":"","header-main-stick-meta":"","header-below-stick-meta":"","astra-migrate-meta-layouts":"set","ast-page-background-enabled":"default","ast-page-background-meta":{"desktop":{"background-color":"","background-image":"","background-repeat":"repeat","background-position":"center center","background-size":"auto","background-attachment":"scroll","background-type":"","background-media":"","overlay-type":"","overlay-color":"","overlay-opacity":"","overlay-gradient":""},"tablet":{"background-color":"","background-image":"","background-repeat":"repeat","background-position":"center center","background-size":"auto","background-attachment":"scroll","background-type":"","background-media":"","overlay-type":"","overlay-color":"","overlay-opacity":"","overlay-gradient":""},"mobile":{"background-color":"","background-image":"","background-repeat":"repeat","background-position":"center center","background-size":"auto","background-attachment":"scroll","background-type":"","background-media":"","overlay-type":"","overlay-color":"","overlay-opacity":"","overlay-gradient":""}},"ast-content-background-meta":{"desktop":{"background-color":"var(--ast-global-color-5)","background-image":"","background-repeat":"repeat","background-position":"center center","background-size":"auto","background-attachment":"scroll","background-type":"","background-media":"","overlay-type":"","overlay-color":"","overlay-opacity":"","overlay-gradient":""},"tablet":{"background-color":"var(--ast-global-color-5)","background-image":"","background-repeat":"repeat","background-position":"center center","background-size":"auto","background-attachment":"scroll","background-type":"","background-media":"","overlay-type":"","overlay-color":"","overlay-opacity":"","overlay-gradient":""},"mobile":{"background-color":"var(--ast-global-color-5)","background-image":"","background-repeat":"repeat","background-position":"center center","background-size":"auto","background-attachment":"scroll","background-type":"","background-media":"","overlay-type":"","overlay-color":"","overlay-opacity":"","overlay-gradient":""}},"footnotes":""},"class_list":["post-4581","page","type-page","status-publish","hentry"],"uagb_featured_image_src":{"full":false,"thumbnail":false,"medium":false,"medium_large":false,"large":false,"1536x1536":false,"2048x2048":false,"job-image":false},"uagb_author_info":{"display_name":"Sara Pies","author_link":"https:\/\/www.hlb-fkp.de\/en\/author\/sp\/"},"uagb_comment_info":0,"uagb_excerpt":"FKP Group Achieving more with specialists To ensure that you always know your concerns are in the best hands, we leave the field to other [&hellip;]","coauthors":[],"author_meta":{"author_link":"https:\/\/www.hlb-fkp.de\/en\/author\/sp\/","display_name":"Sara Pies"},"relative_dates":{"created":"Posted 3 years ago","modified":"Updated 1 year ago"},"absolute_dates":{"created":"Posted on 12. April 2023","modified":"Updated on 26. January 2025"},"absolute_dates_time":{"created":"Posted on 12. April 2023 13:12","modified":"Updated on 26. January 2025 15:32"},"featured_img_caption":"","featured_img":false,"series_order":"","_links":{"self":[{"href":"https:\/\/www.hlb-fkp.de\/en\/wp-json\/wp\/v2\/pages\/4581","targetHints":{"allow":["GET"]}}],"collection":[{"href":"https:\/\/www.hlb-fkp.de\/en\/wp-json\/wp\/v2\/pages"}],"about":[{"href":"https:\/\/www.hlb-fkp.de\/en\/wp-json\/wp\/v2\/types\/page"}],"author":[{"embeddable":true,"href":"https:\/\/www.hlb-fkp.de\/en\/wp-json\/wp\/v2\/users\/4"}],"replies":[{"embeddable":true,"href":"https:\/\/www.hlb-fkp.de\/en\/wp-json\/wp\/v2\/comments?post=4581"}],"version-history":[{"count":3,"href":"https:\/\/www.hlb-fkp.de\/en\/wp-json\/wp\/v2\/pages\/4581\/revisions"}],"predecessor-version":[{"id":4877,"href":"https:\/\/www.hlb-fkp.de\/en\/wp-json\/wp\/v2\/pages\/4581\/revisions\/4877"}],"wp:attachment":[{"href":"https:\/\/www.hlb-fkp.de\/en\/wp-json\/wp\/v2\/media?parent=4581"}],"curies":[{"name":"wp","href":"https:\/\/api.w.org\/{rel}","templated":true}]}}